{"id":7,"date":"2026-01-06T19:55:51","date_gmt":"2026-01-06T19:55:51","guid":{"rendered":"https:\/\/gipsa.mer.mx\/?page_id=7"},"modified":"2026-05-06T20:48:27","modified_gmt":"2026-05-06T20:48:27","slug":"inicio","status":"publish","type":"page","link":"https:\/\/gipsa.mer.mx\/","title":{"rendered":"Inicio"},"content":{"rendered":"\n<div class=\"wp-block-cover alignfull\" style=\"min-height:720px;aspect-ratio:unset;\"><span aria-hidden=\"true\" class=\"wp-block-cover__background has-background-dim-100 has-background-dim has-background-gradient has-luminous-vivid-amber-to-luminous-vivid-orange-gradient-background\"><\/span><div class=\"wp-block-cover__inner-container is-layout-flow wp-block-cover-is-layout-flow\">\n<div class=\"inherit-container-width wp-block-group alignwide is-layout-constrained wp-block-group-is-layout-constrained\">\n<div class=\"wp-block-media-text alignwide has-media-on-the-right is-stacked-on-mobile is-vertically-aligned-center\" style=\"grid-template-columns:auto 43%\"><div class=\"wp-block-media-text__content\">\n<h1 class=\"wp-block-heading has-text-align-left has-white-color has-text-color\">\u00a1Pel\u00edculas de seguridad antiasalto!<\/h1>\n\n\n\n<p class=\"has-white-color has-text-color\">Para todas las marcas de autos, camionetas, cami\u00f3n, trailer, etc.<\/p>\n\n\n\n<div class=\"wp-block-buttons is-layout-flex wp-block-buttons-is-layout-flex\">\n<div class=\"wp-block-button\"><a class=\"wp-block-button__link wp-element-button\" href=\"https:\/\/gipsa.mer.mx\/Promociones\">Ver promociones<\/a><\/div>\n<\/div>\n<\/div><figure class=\"wp-block-media-text__media\"><img loading=\"lazy\" decoding=\"async\" width=\"391\" height=\"250\" src=\"https:\/\/gipsa.mer.mx\/wp-content\/uploads\/2026\/01\/Captura-de-pantalla_6-1-2026_145750_www.shutterstock.com_.jpeg\" alt=\"\" class=\"wp-image-28 size-full\" srcset=\"https:\/\/gipsa.mer.mx\/wp-content\/uploads\/2026\/01\/Captura-de-pantalla_6-1-2026_145750_www.shutterstock.com_.jpeg 391w, https:\/\/gipsa.mer.mx\/wp-content\/uploads\/2026\/01\/Captura-de-pantalla_6-1-2026_145750_www.shutterstock.com_-300x192.jpeg 300w\" sizes=\"auto, (max-width: 391px) 100vw, 391px\" \/><\/figure><\/div>\n<\/div>\n<\/div><\/div>\n\n\n\n<div class=\"wp-block-group alignfull has-ast-global-color-5-background-color has-background is-layout-constrained wp-container-core-group-is-layout-9cedb757 wp-block-group-is-layout-constrained\" style=\"padding-bottom:0px\">\n<div class=\"wp-block-columns are-vertically-aligned-top is-layout-flex wp-container-core-columns-is-layout-00723822 wp-block-columns-is-layout-flex\">\n<div class=\"wp-block-column is-vertically-aligned-top is-layout-flow wp-container-core-column-is-layout-6b73ce23 wp-block-column-is-layout-flow\">\n<figure class=\"wp-block-image size-large\"><img decoding=\"async\" src=\"https:\/\/gipsa.mer.mx\/wp-content\/themes\/astra\/inc\/assets\/images\/starter-content\/building.svg\" alt=\"\" class=\"wp-image-134\"\/><\/figure>\n\n\n\n<h3 class=\"wp-block-heading has-text-align-left\" style=\"margin-top:16px\">Confianza<\/h3>\n\n\n\n<p class=\"has-text-align-left\">Equipo de trabajo confiable en la prestaci\u00f3n del servicio y equipamiento.<\/p>\n<\/div>\n\n\n\n<div class=\"wp-block-column is-vertically-aligned-top is-layout-flow wp-container-core-column-is-layout-6b73ce23 wp-block-column-is-layout-flow\">\n<figure class=\"wp-block-image size-large\"><img decoding=\"async\" src=\"https:\/\/gipsa.mer.mx\/wp-content\/themes\/astra\/inc\/assets\/images\/starter-content\/shopping-bag.svg\" alt=\"\" class=\"wp-image-135\"\/><\/figure>\n\n\n\n<h3 class=\"wp-block-heading has-text-align-left\" style=\"margin-top:16px\">Atenci\u00f3n adecuada<\/h3>\n\n\n\n<p class=\"has-text-align-left\">Atenci\u00f3n profesional especializada.<\/p>\n<\/div>\n\n\n\n<div class=\"wp-block-column is-vertically-aligned-top is-layout-flow wp-container-core-column-is-layout-6b73ce23 wp-block-column-is-layout-flow\">\n<figure class=\"wp-block-image size-large\"><img decoding=\"async\" src=\"https:\/\/gipsa.mer.mx\/wp-content\/themes\/astra\/inc\/assets\/images\/starter-content\/blog.svg\" alt=\"\" class=\"wp-image-136\"\/><\/figure>\n\n\n\n<h3 class=\"wp-block-heading has-text-align-left\" style=\"margin-top:16px\">Experiencia<\/h3>\n\n\n\n<p class=\"has-text-align-left\">Los a\u00f1os de experiencia respaldan nuestro trabajo.<\/p>\n<\/div>\n\n\n\n<div class=\"wp-block-column is-vertically-aligned-top is-layout-flow wp-container-core-column-is-layout-6b73ce23 wp-block-column-is-layout-flow\">\n<figure class=\"wp-block-image size-large\"><img decoding=\"async\" src=\"https:\/\/gipsa.mer.mx\/wp-content\/themes\/astra\/inc\/assets\/images\/starter-content\/portfolio.svg\" alt=\"\" class=\"wp-image-137\"\/><\/figure>\n\n\n\n<h3 class=\"wp-block-heading has-text-align-left\" style=\"margin-top:16px\">Garant\u00eda<\/h3>\n\n\n\n<p class=\"has-text-align-left\">Comprometidos al 100% con la calidad de los productos y servicios que ofrecemos.<\/p>\n<\/div>\n<\/div>\n<\/div>\n\n\n\n<div class=\"wp-block-group alignfull is-layout-constrained wp-container-core-group-is-layout-45b0ac4f wp-block-group-is-layout-constrained\" id=\"services\" style=\"padding-top:144px;padding-bottom:0px\">\n<h2 class=\"wp-block-heading\">Servicios<\/h2>\n\n\n\n<div class=\"wp-block-columns is-layout-flex wp-container-core-columns-is-layout-60cbf9bb wp-block-columns-is-layout-flex\" style=\"margin-top:50px\">\n<div class=\"wp-block-column is-layout-flow wp-container-core-column-is-layout-6b73ce23 wp-block-column-is-layout-flow\">\n<figure class=\"wp-block-image size-full is-resized\"><img loading=\"lazy\" decoding=\"async\" width=\"300\" height=\"300\" src=\"https:\/\/gipsa.mer.mx\/wp-content\/uploads\/2026\/02\/antiasalto1.avif\" alt=\"\" class=\"wp-image-78\" style=\"width:247px;height:auto\" srcset=\"https:\/\/gipsa.mer.mx\/wp-content\/uploads\/2026\/02\/antiasalto1.avif 300w, https:\/\/gipsa.mer.mx\/wp-content\/uploads\/2026\/02\/antiasalto1-150x150.avif 150w\" sizes=\"auto, (max-width: 300px) 100vw, 300px\" \/><\/figure>\n\n\n\n<h3 class=\"wp-block-heading\" style=\"margin-top:16px\">Protecci\u00f3n<\/h3>\n\n\n\n<p>Piensa en lo conveniente de la seguridad en tu tr\u00e1nsito, en el auto que es tu medio de transporte.<\/p>\n<\/div>\n\n\n\n<div class=\"wp-block-column is-layout-flow wp-container-core-column-is-layout-6b73ce23 wp-block-column-is-layout-flow\">\n<figure class=\"wp-block-image size-full\"><img loading=\"lazy\" decoding=\"async\" width=\"740\" height=\"493\" src=\"https:\/\/gipsa.mer.mx\/wp-content\/uploads\/2026\/02\/carro.avif\" alt=\"\" class=\"wp-image-76\" srcset=\"https:\/\/gipsa.mer.mx\/wp-content\/uploads\/2026\/02\/carro.avif 740w, https:\/\/gipsa.mer.mx\/wp-content\/uploads\/2026\/02\/carro-300x200.avif 300w\" sizes=\"auto, (max-width: 740px) 100vw, 740px\" \/><\/figure>\n\n\n\n<h3 class=\"wp-block-heading\" style=\"margin-top:16px\">Cualquier tipo de auto<\/h3>\n\n\n\n<p>Ajustamos nuestro presupuesto a tus necesidades y a todo tipo de veh\u00edculo.<\/p>\n<\/div>\n\n\n\n<div class=\"wp-block-column is-layout-flow wp-container-core-column-is-layout-6b73ce23 wp-block-column-is-layout-flow\">\n<figure class=\"wp-block-image size-full is-resized\"><img loading=\"lazy\" decoding=\"async\" width=\"740\" height=\"740\" src=\"https:\/\/gipsa.mer.mx\/wp-content\/uploads\/2026\/02\/tecnologia.avif\" alt=\"\" class=\"wp-image-77\" style=\"width:250px;height:auto\" srcset=\"https:\/\/gipsa.mer.mx\/wp-content\/uploads\/2026\/02\/tecnologia.avif 740w, https:\/\/gipsa.mer.mx\/wp-content\/uploads\/2026\/02\/tecnologia-300x300.avif 300w, https:\/\/gipsa.mer.mx\/wp-content\/uploads\/2026\/02\/tecnologia-150x150.avif 150w\" sizes=\"auto, (max-width: 740px) 100vw, 740px\" \/><\/figure>\n\n\n\n<h3 class=\"wp-block-heading\" style=\"margin-top:16px\">Tecnolog\u00eda<\/h3>\n\n\n\n<p>Comprometidos con el uso de la mejor tecnolog\u00eda en pel\u00edculas de seguridad anti asalto.<\/p>\n<\/div>\n<\/div>\n<\/div>\n\n\n\n<div class=\"wp-block-group alignfull has-ast-global-color-5-background-color has-background is-layout-constrained wp-container-core-group-is-layout-94d206d0 wp-block-group-is-layout-constrained\" id=\"about\" style=\"padding-top:143px;padding-bottom:144px\">\n<div class=\"wp-block-media-text has-media-on-the-right is-stacked-on-mobile is-vertically-aligned-center\"><div class=\"wp-block-media-text__content\">\n<div class=\"inherit-container-width wp-block-group is-layout-constrained wp-container-core-group-is-layout-47ce07ec wp-block-group-is-layout-constrained\" style=\"padding-right:80px\">\n<h2 class=\"wp-block-heading\" style=\"padding-right:40px\">Ayudamos a nuestros clientes a viajar con seguridad<\/h2>\n\n\n\n<p>Nuestro compromiso es brindar protecci\u00f3n a nuestros clientes, contribuyendo a disminuir los riesgos durante sus viajes, proveemos pel\u00edculas anti-asalto de la mejor calidad.<\/p>\n<\/div>\n<\/div><figure class=\"wp-block-media-text__media\"><img loading=\"lazy\" decoding=\"async\" width=\"612\" height=\"408\" src=\"https:\/\/gipsa.mer.mx\/wp-content\/uploads\/2026\/02\/Equipo.jpg\" alt=\"\" class=\"wp-image-79 size-full\" srcset=\"https:\/\/gipsa.mer.mx\/wp-content\/uploads\/2026\/02\/Equipo.jpg 612w, https:\/\/gipsa.mer.mx\/wp-content\/uploads\/2026\/02\/Equipo-300x200.jpg 300w\" sizes=\"auto, (max-width: 612px) 100vw, 612px\" \/><\/figure><\/div>\n<\/div>\n\n\n\n<div class=\"wp-block-group alignfull has-ast-global-color-4-background-color has-background is-layout-constrained wp-container-core-group-is-layout-6a2cfb7b wp-block-group-is-layout-constrained\" id=\"reviews\">\n<figure class=\"wp-block-image aligncenter size-full is-resized\"><img loading=\"lazy\" decoding=\"async\" width=\"612\" height=\"408\" src=\"https:\/\/gipsa.mer.mx\/wp-content\/uploads\/2026\/02\/Recomendaciones.jpg\" alt=\"\" class=\"wp-image-81\" style=\"width:204px;height:auto\" srcset=\"https:\/\/gipsa.mer.mx\/wp-content\/uploads\/2026\/02\/Recomendaciones.jpg 612w, https:\/\/gipsa.mer.mx\/wp-content\/uploads\/2026\/02\/Recomendaciones-300x200.jpg 300w\" sizes=\"auto, (max-width: 612px) 100vw, 612px\" \/><\/figure>\n\n\n\n<p class=\"has-text-align-center\" style=\"font-size:22px;line-height:1.6\">\u201cNuestros clientes nos recomiendan ampliamente. Trabajamos para clientes en particular, agencias y flotillas, entre otros\u201d<\/p>\n\n\n\n<p class=\"has-text-align-center\"><strong>Nuestros clientes<\/strong><\/p>\n<\/div>\n\n\n\n<div class=\"wp-block-group alignfull is-layout-constrained wp-container-core-group-is-layout-3fee123f wp-block-group-is-layout-constrained\" id=\"whyus\" style=\"padding-top:144px;padding-bottom:144px\">\n<h2 class=\"wp-block-heading\">Nuestros proveedores<\/h2>\n\n\n\n<figure class=\"wp-block-image aligncenter size-large is-resized\"><img loading=\"lazy\" decoding=\"async\" width=\"1024\" height=\"450\" src=\"https:\/\/gipsa.mer.mx\/wp-content\/uploads\/2026\/02\/Proveedores-1024x450.png\" alt=\"\" class=\"wp-image-82\" style=\"width:555px;height:auto\" srcset=\"https:\/\/gipsa.mer.mx\/wp-content\/uploads\/2026\/02\/Proveedores-1024x450.png 1024w, https:\/\/gipsa.mer.mx\/wp-content\/uploads\/2026\/02\/Proveedores-300x132.png 300w, https:\/\/gipsa.mer.mx\/wp-content\/uploads\/2026\/02\/Proveedores-768x337.png 768w, https:\/\/gipsa.mer.mx\/wp-content\/uploads\/2026\/02\/Proveedores.png 1366w\" sizes=\"auto, (max-width: 1024px) 100vw, 1024px\" \/><\/figure>\n\n\n\n<div class=\"wp-block-columns is-layout-flex wp-container-core-columns-is-layout-29aadeec wp-block-columns-is-layout-flex\" style=\"margin-top:60px\">\n<div class=\"wp-block-column is-layout-flow wp-container-core-column-is-layout-6b73ce23 wp-block-column-is-layout-flow\">\n<figure class=\"wp-block-image size-large\"><img decoding=\"async\" src=\"https:\/\/gipsa.mer.mx\/wp-content\/themes\/astra\/inc\/assets\/images\/starter-content\/passionate.svg\" alt=\"\" class=\"wp-image-162\"\/><\/figure>\n\n\n\n<h3 class=\"wp-block-heading\" style=\"margin-top:16px\">Nos apasiona servir<\/h3>\n\n\n\n<p>Alto compromiso con el buen servicio.<\/p>\n<\/div>\n\n\n\n<div class=\"wp-block-column is-layout-flow wp-container-core-column-is-layout-6b73ce23 wp-block-column-is-layout-flow\">\n<figure class=\"wp-block-image size-large\"><img decoding=\"async\" src=\"https:\/\/gipsa.mer.mx\/wp-content\/themes\/astra\/inc\/assets\/images\/starter-content\/professional.svg\" alt=\"\" class=\"wp-image-163\"\/><\/figure>\n\n\n\n<h3 class=\"wp-block-heading\" style=\"margin-top:16px\">Profesionales<\/h3>\n\n\n\n<p>Expertos en el tema de protecci\u00f3n con pel\u00edculas anti-asalto.<\/p>\n<\/div>\n\n\n\n<div class=\"wp-block-column is-layout-flow wp-container-core-column-is-layout-6b73ce23 wp-block-column-is-layout-flow\">\n<figure class=\"wp-block-image size-large\"><img decoding=\"async\" src=\"https:\/\/gipsa.mer.mx\/wp-content\/themes\/astra\/inc\/assets\/images\/starter-content\/support.svg\" alt=\"\" class=\"wp-image-164\"\/><\/figure>\n\n\n\n<h3 class=\"wp-block-heading\" style=\"margin-top:16px\">Calidad<\/h3>\n\n\n\n<p>Proveedores de primera calidad para darte el mejor servicio y seguridad.<\/p>\n<\/div>\n<\/div>\n<\/div>\n\n\n\n<div class=\"wp-block-group alignfull has-background is-layout-constrained wp-container-core-group-is-layout-cfcca693 wp-block-group-is-layout-constrained\" id=\"contact\" style=\"background:linear-gradient(35deg,rgb(6,0,151) 0%,rgb(130,4,255) 64%,rgb(193,15,255) 98%);padding-top:104px;padding-bottom:104px\">\n<h2 class=\"wp-block-heading has-text-align-center has-text-color\" style=\"color:#ffffff\">\u00a1Cont\u00e1ctanos!<\/h2>\n\n\n\n<div class=\"wp-block-buttons alignwide is-horizontal is-content-justification-center is-layout-flex wp-container-core-buttons-is-layout-bba8380a wp-block-buttons-is-layout-flex\" style=\"margin-top:50px\">\n<div class=\"wp-block-button\"><a class=\"wp-block-button__link wp-element-button\" href=\"https:\/\/gipsa.mer.mx\/index.php\/contacto\/\">Datos de contacto<\/a><\/div>\n<\/div>\n<\/div>\n\n\n\n<p><\/p>\n","protected":false},"excerpt":{"rendered":"<p>Confianza Equipo de trabajo confiable en la prestaci\u00f3n del servicio y equipamiento. Atenci\u00f3n adecuada Atenci\u00f3n profesional especializada. Experiencia Los a\u00f1os [&hellip;]<\/p>\n","protected":false},"author":1,"featured_media":0,"parent":0,"menu_order":0,"comment_status":"closed","ping_status":"closed","template":"","meta":{"site-sidebar-layout":"no-sidebar","site-content-layout":"plain-container","ast-site-content-layout":"default","site-content-style":"default","site-sidebar-style":"default","ast-global-header-display":"","ast-banner-title-visibility":"","ast-main-header-display":"","ast-hfb-above-header-display":"","ast-hfb-below-header-display":"","ast-hfb-mobile-header-display":"","site-post-title":"disabled","ast-breadcrumbs-content":"","ast-featured-img":"","footer-sml-layout":"","ast-disable-related-posts":"","theme-transparent-header-meta":"enabled","adv-header-id-meta":"","stick-header-meta":"","header-above-stick-meta":"","header-main-stick-meta":"","header-below-stick-meta":"","astra-migrate-meta-layouts":"default","ast-page-background-enabled":"default","ast-page-background-meta":{"desktop":{"background-color":"var(--ast-global-color-5)","background-image":"","background-repeat":"repeat","background-position":"center center","background-size":"auto","background-attachment":"scroll","background-type":"","background-media":"","overlay-type":"","overlay-color":"","overlay-opacity":"","overlay-gradient":""},"tablet":{"background-color":"","background-image":"","background-repeat":"repeat","background-position":"center center","background-size":"auto","background-attachment":"scroll","background-type":"","background-media":"","overlay-type":"","overlay-color":"","overlay-opacity":"","overlay-gradient":""},"mobile":{"background-color":"","background-image":"","background-repeat":"repeat","background-position":"center center","background-size":"auto","background-attachment":"scroll","background-type":"","background-media":"","overlay-type":"","overlay-color":"","overlay-opacity":"","overlay-gradient":""}},"ast-content-background-meta":{"desktop":{"background-color":"var(--ast-global-color-4)","background-image":"","background-repeat":"repeat","background-position":"center center","background-size":"auto","background-attachment":"scroll","background-type":"","background-media":"","overlay-type":"","overlay-color":"","overlay-opacity":"","overlay-gradient":""},"tablet":{"background-color":"var(--ast-global-color-4)","background-image":"","background-repeat":"repeat","background-position":"center center","background-size":"auto","background-attachment":"scroll","background-type":"","background-media":"","overlay-type":"","overlay-color":"","overlay-opacity":"","overlay-gradient":""},"mobile":{"background-color":"var(--ast-global-color-4)","background-image":"","background-repeat":"repeat","background-position":"center center","background-size":"auto","background-attachment":"scroll","background-type":"","background-media":"","overlay-type":"","overlay-color":"","overlay-opacity":"","overlay-gradient":""}},"footnotes":""},"class_list":["post-7","page","type-page","status-publish","hentry"],"_links":{"self":[{"href":"https:\/\/gipsa.mer.mx\/index.php\/wp-json\/wp\/v2\/pages\/7","targetHints":{"allow":["GET"]}}],"collection":[{"href":"https:\/\/gipsa.mer.mx\/index.php\/wp-json\/wp\/v2\/pages"}],"about":[{"href":"https:\/\/gipsa.mer.mx\/index.php\/wp-json\/wp\/v2\/types\/page"}],"author":[{"embeddable":true,"href":"https:\/\/gipsa.mer.mx\/index.php\/wp-json\/wp\/v2\/users\/1"}],"replies":[{"embeddable":true,"href":"https:\/\/gipsa.mer.mx\/index.php\/wp-json\/wp\/v2\/comments?post=7"}],"version-history":[{"count":22,"href":"https:\/\/gipsa.mer.mx\/index.php\/wp-json\/wp\/v2\/pages\/7\/revisions"}],"predecessor-version":[{"id":97,"href":"https:\/\/gipsa.mer.mx\/index.php\/wp-json\/wp\/v2\/pages\/7\/revisions\/97"}],"wp:attachment":[{"href":"https:\/\/gipsa.mer.mx\/index.php\/wp-json\/wp\/v2\/media?parent=7"}],"curies":[{"name":"wp","href":"https:\/\/api.w.org\/{rel}","templated":true}]}}